{"id":72,"date":"2021-12-14T12:47:50","date_gmt":"2021-12-14T11:47:50","guid":{"rendered":"https:\/\/www.dlpro.online\/?page_id=72"},"modified":"2025-01-28T14:15:32","modified_gmt":"2025-01-28T13:15:32","slug":"contacto","status":"publish","type":"page","link":"https:\/\/www.dlpro.online\/es\/contacto","title":{"rendered":"Contacto"},"content":{"rendered":"<h1>Contacto<\/h1>\n<p>DL PRO te permite administrar f\u00e1cilmente todos los aspectos de la actividad de tu escuela de idiomas, independientemente de su tama\u00f1o, as\u00ed como tambi\u00e9n realizar clases en l\u00ednea f\u00e1cilmente.<\/p>\n<p>\u00bfA\u00fan no utilizas el software de gesti\u00f3n escolar? \u00bfO quiz\u00e1s est\u00e1s usando un programa diferente? Completa el formulario para concertar una presentaci\u00f3n DL PRO gratuita y sin ning\u00fan compromiso.<\/p>\n<div class=\"mm-alert mm-alert-secondary\"><a href=\"tel:+48577773937\"><i class=\"fas fa-mobile-alt\"><\/i> +48 577 773 937<\/a><\/div>\n<div class=\"mm-alert mm-alert-secondary\"><a href=\"https:\/\/wa.me\/48577773937\" target=\"_blank\"><i class=\"fab fa-whatsapp\"><\/i> WhatsApp<\/a><\/div>\n<div class=\"wpcf7 no-js\" id=\"wpcf7-f84-o1\" lang=\"pl-PL\" dir=\"ltr\" data-wpcf7-id=\"84\">\n<div class=\"screen-reader-response\">\n<p role=\"status\" aria-live=\"polite\" aria-atomic=\"true\">\n<ul><\/ul>\n<\/div>\n<form action=\"\/es\/wp-json\/wp\/v2\/pages\/72#wpcf7-f84-o1\" method=\"post\" class=\"wpcf7-form init\" aria-label=\"Formularz kontaktowy\" enctype=\"multipart\/form-data\" novalidate=\"novalidate\" data-status=\"init\">\n<fieldset class=\"hidden-fields-container\"><input type=\"hidden\" name=\"_wpcf7\" value=\"84\" \/><input type=\"hidden\" name=\"_wpcf7_version\" value=\"6.1.5\" \/><input type=\"hidden\" name=\"_wpcf7_locale\" value=\"pl_PL\" \/><input type=\"hidden\" name=\"_wpcf7_unit_tag\" value=\"wpcf7-f84-o1\" \/><input type=\"hidden\" name=\"_wpcf7_container_post\" value=\"0\" \/><input type=\"hidden\" name=\"_wpcf7_posted_data_hash\" value=\"\" \/><br \/>\n<\/fieldset>\n<div id=\"presentacion\">\n<\/div>\n<div class=\"mm-form-box\">\n<div class=\"row\">\n<div class=\"col-lg-12\">\n<h2>Formulario de contacto<br \/>\n\t\t\t<\/h2>\n<\/p><\/div>\n<div class=\"col-lg-9\">\n<div class=\"form-group\">\n<p><label class=\"control-label\">Tema (obligatorio)<\/label><br \/>\n<span class=\"wpcf7-form-control-wrap\" data-name=\"mm-form-temat\"><select class=\"wpcf7-form-control wpcf7-select wpcf7-validates-as-required form-control\" id=\"mm-form-temat\" aria-required=\"true\" aria-invalid=\"false\" name=\"mm-form-temat\"><option value=\"\">\u2014 Seleccione una opci\u00f3n \u2014<\/option><option value=\"Deseo usar el periodo de prueba de DLPRO\">Deseo usar el periodo de prueba de DLPRO<\/option><option value=\"Quiero hacer una cita para una presentaci\u00f3n gratu\u00edta del programa\">Quiero hacer una cita para una presentaci\u00f3n gratu\u00edta del programa<\/option><option value=\"Quiero participar del seminario gratuito\">Quiero participar del seminario gratuito<\/option><option value=\"Soporte t\u00e9cnico\">Soporte t\u00e9cnico<\/option><option value=\"Otros temas\">Otros temas<\/option><\/select><\/span>\n\t\t\t\t<\/p>\n<\/p><\/div>\n<\/p><\/div>\n<div class=\"col-lg-3\">\n<div class=\"form-group\">\n<p><label class=\"control-label\">Pa\u00eds<\/label><br \/>\n<span class=\"wpcf7-form-control-wrap\" data-name=\"mm-form-kraj\"><input size=\"40\" maxlength=\"400\" class=\"wpcf7-form-control wpcf7-text form-control\" aria-invalid=\"false\" value=\"\" type=\"text\" name=\"mm-form-kraj\" \/><\/span>\n\t\t\t\t<\/p>\n<\/p><\/div>\n<\/p><\/div>\n<div class=\"col-lg-6\">\n<div class=\"form-group\">\n<p><label class=\"control-label\">Nombre de la escuela<\/label><br \/>\n<span class=\"wpcf7-form-control-wrap\" data-name=\"mm-form-szkola\"><input size=\"40\" maxlength=\"400\" class=\"wpcf7-form-control wpcf7-text form-control\" aria-invalid=\"false\" value=\"\" type=\"text\" name=\"mm-form-szkola\" \/><\/span>\n\t\t\t\t<\/p>\n<\/p><\/div>\n<div class=\"form-group\">\n<p><label class=\"control-label\">Nombre y apellidos (se requiere completar)<\/label><br \/>\n<span class=\"wpcf7-form-control-wrap\" data-name=\"mm-form-imie\"><input size=\"40\" maxlength=\"400\" class=\"wpcf7-form-control wpcf7-text wpcf7-validates-as-required form-control\" aria-required=\"true\" aria-invalid=\"false\" value=\"\" type=\"text\" name=\"mm-form-imie\" \/><\/span>\n\t\t\t\t<\/p>\n<\/p><\/div>\n<\/p><\/div>\n<div class=\"col-lg-6\">\n<div class=\"form-group\">\n<p><label class=\"control-label\">Tel\u00e9fono (se requiere)<\/label><br \/>\n<span class=\"wpcf7-form-control-wrap\" data-name=\"mm-form-telefon\"><input size=\"40\" maxlength=\"400\" class=\"wpcf7-form-control wpcf7-text wpcf7-validates-as-required form-control\" aria-required=\"true\" aria-invalid=\"false\" value=\"\" type=\"text\" name=\"mm-form-telefon\" \/><\/span>\n\t\t\t\t<\/p>\n<\/p><\/div>\n<div class=\"form-group\">\n<p><label class=\"control-label\">Correo electr\u00f3nico (se requiere completar)<\/label><br \/>\n<span class=\"wpcf7-form-control-wrap\" data-name=\"mm-form-email\"><input size=\"40\" maxlength=\"400\" class=\"wpcf7-form-control wpcf7-email wpcf7-validates-as-required wpcf7-text wpcf7-validates-as-email form-control\" aria-required=\"true\" aria-invalid=\"false\" value=\"\" type=\"email\" name=\"mm-form-email\" \/><\/span>\n\t\t\t\t<\/p>\n<\/p><\/div>\n<\/p><\/div>\n<div class=\"col-lg-12\">\n<div class=\"form-group\">\n<p><label class=\"control-label\">Tu mensaje<\/label><br \/>\n<span class=\"wpcf7-form-control-wrap\" data-name=\"mm-form-wiadomosci\"><textarea cols=\"40\" rows=\"10\" maxlength=\"2000\" class=\"wpcf7-form-control wpcf7-textarea form-control\" aria-invalid=\"false\" name=\"mm-form-wiadomosci\"><\/textarea><\/span>\n\t\t\t\t<\/p>\n<\/p><\/div>\n<\/p><\/div>\n<div class=\"col-lg-12\">\n<div class=\"form-group\">\n<p><label>Archivo adjunto (tama\u00f1o m\u00e1ximo 5MB)<\/label><br \/>\n<span class=\"wpcf7-form-control-wrap\" data-name=\"mm-form-plik\"><input size=\"40\" class=\"wpcf7-form-control wpcf7-file form-control-file filestyle\" accept=\"audio\/*,video\/*,image\/*\" aria-invalid=\"false\" type=\"file\" name=\"mm-form-plik\" \/><\/span>\n\t\t\t\t<\/p>\n<\/p><\/div>\n<\/p><\/div>\n<div class=\"col-lg-12\">\n<div class=\"mm-form-zgoda\">\n<p><span class=\"wpcf7-form-control-wrap\" data-name=\"acceptance-66\"><span class=\"wpcf7-form-control wpcf7-acceptance\"><span class=\"wpcf7-list-item\"><label><input type=\"checkbox\" name=\"acceptance-66\" value=\"1\" class=\"form-check-input\" aria-invalid=\"false\" \/><span class=\"wpcf7-list-item-label\"><strong>Doy mi consentimiento<\/strong> para el proceso de mis datos personales entregados en el formulario de Direct Language Lab. El suministro de datos entregados es voluntario. El administrador de los datos personales entregados por usted es Language Lab sp. zoo. con domicilio legal en Polonia, 88-100 Inowroc\u0142aw, 21 Or\u0142owska Street. Sus datos ser\u00e1n procesados \u200b\u200bcon fines relacionados con responder a su consultas, as\u00ed como presentar, ofrecer y promocionar los servicios de Language Lab sp. zoo. Usted tiene derecho a acceder a sus datos y corregirlos si es necesario.<\/span><\/label><\/span><\/span><\/span>\n\t\t\t\t<\/p>\n<\/p><\/div>\n<\/p><\/div>\n<div class=\"col-lg-12\">\n<div class=\"wpcf7-response-output\" aria-hidden=\"true\"><\/div>\n<div class=\"wpcf7-turnstile cf-turnstile\" data-sitekey=\"0x4AAAAAAB8P2DlFWIBrGhFQ\" data-response-field-name=\"_wpcf7_turnstile_response\" data-size=\"flexible\"><\/div>\n<\/p><\/div>\n<div class=\"col-lg-12\" style=\"text-align: center;\">\n<div class=\"form-group\">\n<p><input class=\"wpcf7-form-control wpcf7-submit has-spinner btn mm-btn-01 mm-btn-lg\" type=\"submit\" value=\"Enviar un mensaje\" \/>\n\t\t\t\t<\/p>\n<\/p><\/div>\n<\/p><\/div>\n<\/p><\/div>\n<\/div>\n<\/form>\n<\/div>\n","protected":false},"excerpt":{"rendered":"<p>Contacto DL PRO te permite administrar f\u00e1cilmente todos los aspectos de la actividad de tu escuela de idiomas, independientemente de su tama\u00f1o, as\u00ed como tambi\u00e9n realizar clases en l\u00ednea f\u00e1cilmente. \u00bfA\u00fan no utilizas el software de gesti\u00f3n escolar? \u00bfO quiz\u00e1s est\u00e1s usando un programa diferente? Completa el formulario para concertar una presentaci\u00f3n DL PRO gratuita &#8230;<\/p>\n","protected":false},"author":1,"featured_media":0,"parent":0,"menu_order":33,"comment_status":"closed","ping_status":"closed","template":"szablony\/page-kontakt.php","meta":{"_locale":"es_ES","_original_post":"http:\/\/www.dlpro.online\/?page_id=14","footnotes":""},"class_list":["post-72","page","type-page","status-publish","hentry","es-ES"],"_links":{"self":[{"href":"https:\/\/www.dlpro.online\/wp-json\/wp\/v2\/pages\/72","targetHints":{"allow":["GET"]}}],"collection":[{"href":"https:\/\/www.dlpro.online\/wp-json\/wp\/v2\/pages"}],"about":[{"href":"https:\/\/www.dlpro.online\/wp-json\/wp\/v2\/types\/page"}],"author":[{"embeddable":true,"href":"https:\/\/www.dlpro.online\/wp-json\/wp\/v2\/users\/1"}],"replies":[{"embeddable":true,"href":"https:\/\/www.dlpro.online\/wp-json\/wp\/v2\/comments?post=72"}],"version-history":[{"count":4,"href":"https:\/\/www.dlpro.online\/wp-json\/wp\/v2\/pages\/72\/revisions"}],"predecessor-version":[{"id":127,"href":"https:\/\/www.dlpro.online\/wp-json\/wp\/v2\/pages\/72\/revisions\/127"}],"wp:attachment":[{"href":"https:\/\/www.dlpro.online\/wp-json\/wp\/v2\/media?parent=72"}],"curies":[{"name":"wp","href":"https:\/\/api.w.org\/{rel}","templated":true}]}}